{"id":1414,"date":"2020-11-18T07:59:13","date_gmt":"2020-11-18T07:59:13","guid":{"rendered":"http:\/\/july.commonsupport.com\/intervio\/?page_id=1414"},"modified":"2024-11-08T16:41:02","modified_gmt":"2024-11-08T16:41:02","slug":"pourquoi-nous-choisir","status":"publish","type":"page","link":"https:\/\/mnprojets.ca\/?page_id=1414","title":{"rendered":"Pourquoi Nous Choisir"},"content":{"rendered":"\t\t<div data-elementor-type=\"wp-page\" data-elementor-id=\"1414\" class=\"elementor elementor-1414\">\n\t\t\t\t\t\t<section class=\"elementor-section elementor-top-section elementor-element elementor-element-4b941011 elementor-section-stretched elementor-section-full_width elementor-section-height-default elementor-section-height-default\" data-id=\"4b941011\" data-element_type=\"section\" data-settings=\"{&quot;stretch_section&quot;:&quot;section-stretched&quot;,&quot;background_background&quot;:&quot;classic&quot;}\">\n\t\t\t\t\t\t<div class=\"elementor-container elementor-column-gap-no\">\n\t\t\t\t\t<div class=\"elementor-column elementor-col-100 elementor-top-column elementor-element elementor-element-73a42663\" data-id=\"73a42663\" data-element_type=\"column\">\n\t\t\t<div class=\"elementor-widget-wrap elementor-element-populated\">\n\t\t\t\t\t\t<div class=\"elementor-element elementor-element-3a0b846c elementor-widget elementor-widget-intervio_why_choose_us\" data-id=\"3a0b846c\" data-element_type=\"widget\" data-widget_type=\"intervio_why_choose_us.default\">\n\t\t\t\t<div class=\"elementor-widget-container\">\n\t\t\t\t\t\t\t\n\t\t<section class=\" why-choose-us-section\">\n\t\t\t<div class=\"auto-container\">\n\t\t\t\t\t\t\t\t<div class=\"sec-title text-center\">\n\t\t\t\t\t<div class=\"shape-one\"><\/div>\n\t\t\t\t\t<span class=\"sec-title-dec\"><\/span>\n\t\t\t\t\t<h2>Pourquoi Nous Choisir\n<\/h2>\n\t\t\t\t\t<div class=\"text\">Chez MN Projets, nous nous engageons \u00e0 offrir des services de r\u00e9novation de qualit\u00e9 sup\u00e9rieure en mettant l\u2019accent sur l'excellence et la satisfaction de nos clients. Voici pourquoi nous sommes le choix id\u00e9al pour tous vos projets de r\u00e9novation sur la Rive-Nord.\n\n<\/div>\n\t\t\t\t<\/div>\n\t\t\t\t\t\t\t\t<div class=\"row\">\n\t\t\t\t\t\t\t\t\t\t<div class=\"why-choose-us-block col-lg-4\">\n\t\t\t\t\t\t<div class=\"inner-box hvr-bounce-to-bottom\">\n\t\t\t\t\t\t\t<div class=\"icon-box\">\n\t\t\t\t\t\t\t\t<span class=\"icon flaticon-medal\"><\/span>\n\t\t\t\t\t\t\t<\/div>\n\t\t\t\t\t\t\t<h4><a href=\"\">Professionnalisme<\/a><\/h4>\n\t\t\t\t\t\t\t<div class=\"text\">Nos experts en r\u00e9novation travaillent avec rigueur et transparence. Du premier contact jusqu\u2019\u00e0 la livraison finale, notre \u00e9quipe s\u2019assure de r\u00e9pondre \u00e0 vos attentes et de surpasser vos exigences avec un service impeccable.\n\n<\/div>\n\t\t\t\t\t\t<\/div>\n\t\t\t\t\t<\/div>\n\t\t\t\t\t\t\t\t\t\t<div class=\"why-choose-us-block col-lg-4\">\n\t\t\t\t\t\t<div class=\"inner-box hvr-bounce-to-bottom\">\n\t\t\t\t\t\t\t<div class=\"icon-box\">\n\t\t\t\t\t\t\t\t<span class=\"icon flaticon-building\"><\/span>\n\t\t\t\t\t\t\t<\/div>\n\t\t\t\t\t\t\t<h4><a href=\"#\">Mat\u00e9riaux de Haute Qualit\u00e9<\/a><\/h4>\n\t\t\t\t\t\t\t<div class=\"text\">Chez MN Projets, nous s\u00e9lectionnons les meilleurs mat\u00e9riaux pour garantir la durabilit\u00e9 et l\u2019esth\u00e9tique de vos r\u00e9novations. Nous collaborons avec des fournisseurs de confiance pour vous offrir des produits de qualit\u00e9 qui r\u00e9sistent \u00e0 l\u2019\u00e9preuve du temps.\n<\/div>\n\t\t\t\t\t\t<\/div>\n\t\t\t\t\t<\/div>\n\t\t\t\t\t\t\t\t\t\t<div class=\"why-choose-us-block col-lg-4\">\n\t\t\t\t\t\t<div class=\"inner-box hvr-bounce-to-bottom\">\n\t\t\t\t\t\t\t<div class=\"icon-box\">\n\t\t\t\t\t\t\t\t<span class=\"icon flaticon-school-material\"><\/span>\n\t\t\t\t\t\t\t<\/div>\n\t\t\t\t\t\t\t<h4><a href=\"#\">Respect des D\u00e9lais<\/a><\/h4>\n\t\t\t\t\t\t\t<div class=\"text\">Nous savons que votre temps est pr\u00e9cieux. C'est pourquoi nous nous engageons \u00e0 respecter les d\u00e9lais convenus, en assurant un suivi constant et une gestion efficace de chaque \u00e9tape de votre projet.\n<\/div>\n\t\t\t\t\t\t<\/div>\n\t\t\t\t\t<\/div>\n\t\t\t\t\t\t\t\t\t\t<div class=\"why-choose-us-block col-lg-4\">\n\t\t\t\t\t\t<div class=\"inner-box hvr-bounce-to-bottom\">\n\t\t\t\t\t\t\t<div class=\"icon-box\">\n\t\t\t\t\t\t\t\t<span class=\"icon flaticon-discussion\"><\/span>\n\t\t\t\t\t\t\t<\/div>\n\t\t\t\t\t\t\t<h4><a href=\"#\">Support Disponible 24\/7<\/a><\/h4>\n\t\t\t\t\t\t\t<div class=\"text\">Nos clients sont notre priorit\u00e9. Avec un service de support disponible \u00e0 toute heure, nous sommes toujours pr\u00eats \u00e0 r\u00e9pondre \u00e0 vos questions et \u00e0 vous accompagner tout au long de votre projet.<\/div>\n\t\t\t\t\t\t<\/div>\n\t\t\t\t\t<\/div>\n\t\t\t\t\t\t\t\t\t\t<div class=\"why-choose-us-block col-lg-4\">\n\t\t\t\t\t\t<div class=\"inner-box hvr-bounce-to-bottom\">\n\t\t\t\t\t\t\t<div class=\"icon-box\">\n\t\t\t\t\t\t\t\t<span class=\"icon flaticon-like\"><\/span>\n\t\t\t\t\t\t\t<\/div>\n\t\t\t\t\t\t\t<h4><a href=\"#\">Entreprise de Confiance<\/a><\/h4>\n\t\t\t\t\t\t\t<div class=\"text\">La s\u00e9curit\u00e9 et la satisfaction de nos clients sont essentielles pour nous. MN Projets est une entreprise de confiance, assur\u00e9e et accr\u00e9dit\u00e9e, qui respecte les normes et r\u00e9glementations du secteur.<\/div>\n\t\t\t\t\t\t<\/div>\n\t\t\t\t\t<\/div>\n\t\t\t\t\t\t\t\t\t\t<div class=\"why-choose-us-block col-lg-4\">\n\t\t\t\t\t\t<div class=\"inner-box hvr-bounce-to-bottom\">\n\t\t\t\t\t\t\t<div class=\"icon-box\">\n\t\t\t\t\t\t\t\t<span class=\"icon flaticon-cup\"><\/span>\n\t\t\t\t\t\t\t<\/div>\n\t\t\t\t\t\t\t<h4><a href=\"#\">R\u00e9compens\u00e9e pour l'Excellence<\/a><\/h4>\n\t\t\t\t\t\t\t<div class=\"text\">Gr\u00e2ce \u00e0 notre engagement envers la qualit\u00e9, nous avons re\u00e7u plusieurs distinctions qui t\u00e9moignent de notre expertise et de notre d\u00e9vouement \u00e0 offrir des services de r\u00e9novation exceptionnels.<\/div>\n\t\t\t\t\t\t<\/div>\n\t\t\t\t\t<\/div>\n\t\t\t\t\t\t\t\t\t<\/div>\n\t\t\t<\/div>\n\t\t<\/section>\n\n\t\t\t\t\t\t<\/div>\n\t\t\t\t<\/div>\n\t\t\t\t\t<\/div>\n\t\t<\/div>\n\t\t\t\t\t<\/div>\n\t\t<\/section>\n\t\t\t\t<\/div>\n\t\t","protected":false},"excerpt":{"rendered":"<p>Pourquoi Nous Choisir Chez MN Projets, nous nous engageons \u00e0 offrir des services de r\u00e9novation de qualit\u00e9 sup\u00e9rieure en mettant l\u2019accent sur l&#8217;excellence et la satisfaction de nos clients. Voici pourquoi nous sommes le choix id\u00e9al pour tous vos projets de r\u00e9novation sur la Rive-Nord. Professionnalisme Nos experts en r\u00e9novation travaillent avec rigueur et transparence. [&hellip;]<\/p>\n","protected":false},"author":1,"featured_media":0,"parent":0,"menu_order":0,"comment_status":"closed","ping_status":"closed","template":"tpl-default-elementor.php","meta":{"footnotes":""},"class_list":["post-1414","page","type-page","status-publish","hentry"],"aioseo_notices":[],"_links":{"self":[{"href":"https:\/\/mnprojets.ca\/index.php?rest_route=\/wp\/v2\/pages\/1414","targetHints":{"allow":["GET"]}}],"collection":[{"href":"https:\/\/mnprojets.ca\/index.php?rest_route=\/wp\/v2\/pages"}],"about":[{"href":"https:\/\/mnprojets.ca\/index.php?rest_route=\/wp\/v2\/types\/page"}],"author":[{"embeddable":true,"href":"https:\/\/mnprojets.ca\/index.php?rest_route=\/wp\/v2\/users\/1"}],"replies":[{"embeddable":true,"href":"https:\/\/mnprojets.ca\/index.php?rest_route=%2Fwp%2Fv2%2Fcomments&post=1414"}],"version-history":[{"count":14,"href":"https:\/\/mnprojets.ca\/index.php?rest_route=\/wp\/v2\/pages\/1414\/revisions"}],"predecessor-version":[{"id":2339,"href":"https:\/\/mnprojets.ca\/index.php?rest_route=\/wp\/v2\/pages\/1414\/revisions\/2339"}],"wp:attachment":[{"href":"https:\/\/mnprojets.ca\/index.php?rest_route=%2Fwp%2Fv2%2Fmedia&parent=1414"}],"curies":[{"name":"wp","href":"https:\/\/api.w.org\/{rel}","templated":true}]}}