{"id":1416,"date":"2020-11-18T08:03:12","date_gmt":"2020-11-18T08:03:12","guid":{"rendered":"http:\/\/july.commonsupport.com\/intervio\/?page_id=1416"},"modified":"2024-11-12T17:13:23","modified_gmt":"2024-11-12T17:13:23","slug":"rendez-vous","status":"publish","type":"page","link":"https:\/\/mnprojets.ca\/?page_id=1416","title":{"rendered":"Rendez-vous"},"content":{"rendered":"\t\t<div data-elementor-type=\"wp-page\" data-elementor-id=\"1416\" class=\"elementor elementor-1416\">\n\t\t\t\t\t\t<section class=\"elementor-section elementor-top-section elementor-element elementor-element-69021f9f elementor-section-stretched elementor-section-full_width elementor-section-height-default elementor-section-height-default\" data-id=\"69021f9f\" data-element_type=\"section\" data-settings=\"{&quot;stretch_section&quot;:&quot;section-stretched&quot;}\">\n\t\t\t\t\t\t<div class=\"elementor-container elementor-column-gap-no\">\n\t\t\t\t\t<div class=\"elementor-column elementor-col-100 elementor-top-column elementor-element elementor-element-7c3d34ff\" data-id=\"7c3d34ff\" data-element_type=\"column\">\n\t\t\t<div class=\"elementor-widget-wrap elementor-element-populated\">\n\t\t\t\t\t\t<div class=\"elementor-element elementor-element-21cfc4cd elementor-widget elementor-widget-intervio_appoinment\" data-id=\"21cfc4cd\" data-element_type=\"widget\" data-widget_type=\"intervio_appoinment.default\">\n\t\t\t\t<div class=\"elementor-widget-container\">\n\t\t\t\t\t\t\t\n\t\t<!-- appoinment page details area start -->  \n\t\t<section id=\"appoinment_content\">\n\t\t\t<div class=\"auto-container\">\n\t\t\t\t<div class=\"appoint text-center\">\n\t\t\t\t\t<p>Remplissez le formulaire ci-dessous pour r\u00e9server un appel avec notre \u00e9quipe. Nous discuterons de votre projet de r\u00e9novation et vous fournirons une soumission adapt\u00e9e \u00e0 vos besoins. Les consultations sont disponibles du lundi au vendredi, de 10 h \u00e0 17 h.<\/p>\n\t\t\t\t<\/div>\n\t\t\t\t\n<div class=\"wpcf7 no-js\" id=\"wpcf7-f1528-o1\" lang=\"en-US\" dir=\"ltr\" data-wpcf7-id=\"1528\">\n<div class=\"screen-reader-response\"><p role=\"status\" aria-live=\"polite\" aria-atomic=\"true\"><\/p> <ul><\/ul><\/div>\n<form action=\"\/index.php?rest_route=%2Fwp%2Fv2%2Fpages%2F1416#wpcf7-f1528-o1\" method=\"post\" class=\"wpcf7-form init\" aria-label=\"Contact form\" novalidate=\"novalidate\" data-status=\"init\">\n<fieldset class=\"hidden-fields-container\"><input type=\"hidden\" name=\"_wpcf7\" value=\"1528\" \/><input type=\"hidden\" name=\"_wpcf7_version\" value=\"6.1.3\" \/><input type=\"hidden\" name=\"_wpcf7_locale\" value=\"en_US\" \/><input type=\"hidden\" name=\"_wpcf7_unit_tag\" value=\"wpcf7-f1528-o1\" \/><input type=\"hidden\" name=\"_wpcf7_container_post\" value=\"0\" \/><input type=\"hidden\" name=\"_wpcf7_posted_data_hash\" value=\"\" \/><input type=\"hidden\" name=\"cf7s-user_id\" value=\"0\" \/><input type=\"hidden\" name=\"cf7sub_nonce\" value=\"ea492f1996\" \/>\n<\/fieldset>\n<div class=\"wpcf7-turnstile cf-turnstile\" data-sitekey=\"0x4AAAAAAB7nI4_IdXdUGhbO\" data-response-field-name=\"_wpcf7_turnstile_response\"><\/div>\n\n<div class=\"appointment_content_area\">\n\t<div class=\"information\">\n\t\t<div class=\"information_siral\">\n\t\t\t<p>1\n\t\t\t<\/p>\n\t\t<\/div>\n\t\t<div class=\"information_details\">\n\t\t\t<p>Informations sur le Rendez-vous\n\t\t\t<\/p>\n\t\t<\/div>\n\t<\/div>\n\t<div class=\"row\">\n\t\t<div class=\"col-lg-6 col-md-6\">\n\t\t\t<div class=\"information_column\">\n\t\t\t\t<h2>Date du Rendez-vous\n\t\t\t\t<\/h2>\n\t\t\t\t<p><input type=\"text\" name=\"date\" class=\"date-picker\" placeholder=\"JJ\/MM\/AAAA\" required \/>\n\t\t\t\t<\/p>\n\t\t\t<\/div>\n\t\t<\/div>\n\t\t<div class=\"col-lg-6 col-md-6\">\n\t\t\t<div class=\"information_column\">\n\t\t\t\t<h2>Heure du Rendez-vous\n\t\t\t\t<\/h2>\n\t\t\t\t<p><select name=\"time\" class=\"select-input\" required>\n <option value=\"\" selected=\"selected\">Choisir...<\/option>\n <option value=\"10:00 AM - 10:30 AM\">10:00 AM - 10:30 AM<\/option>\n <option value=\"10:30 AM - 11:00 AM\">10:30 AM - 11:00 AM<\/option>\n <option value=\"11:00 AM - 11:30 AM\">11:00 AM - 11:30 AM<\/option>\n <option value=\"11:30 AM - 12:00 PM\">11:30 AM - 12:00 PM<\/option>\n <option value=\"12:00 PM - 12:30 PM\">12:00 PM - 12:30 PM<\/option>\n <option value=\"12:30 PM - 1:00 PM\">12:30 PM - 1:00 PM<\/option>\n <option value=\"1:00 PM - 1:30 PM\">1:00 PM - 1:30 PM<\/option>\n <option value=\"1:30 PM - 2:00 PM\">1:30 PM - 2:00 PM<\/option>\n <option value=\"2:00 PM - 2:30 PM\">2:00 PM - 2:30 PM<\/option>\n <option value=\"2:30 PM - 3:00 PM\">2:30 PM - 3:00 PM<\/option>\n <option value=\"3:00 PM - 3:30 PM\">3:00 PM - 3:30 PM<\/option>\n <option value=\"3:30 PM - 4:00 PM\">3:30 PM - 4:00 PM<\/option>\n <option value=\"4:00 PM - 4:30 PM\">4:00 PM - 4:30 PM<\/option>\n <option value=\"4:30 PM - 5:00 PM\">4:30 PM - 5:00 PM<\/option>\n <\/select>\n\t\t\t\t<\/p>\n\t\t\t<\/div>\n\t\t<\/div>\n\t<\/div>\n<\/div>\n<div class=\"appointment_form\">\n\t<div class=\"information\">\n\t\t<div class=\"information_siral\">\n\t\t\t<p>2\n\t\t\t<\/p>\n\t\t<\/div>\n\t\t<div class=\"information_details\">\n\t\t\t<p>Coordonn\u00e9es\n\t\t\t<\/p>\n\t\t<\/div>\n\t<\/div>\n\t<div class=\"row\">\n\t\t<div class=\"col-lg-6 col-md-6\">\n\t\t\t<div class=\"form_column\">\n\t\t\t\t<h2>Pr\u00e9nom\n\t\t\t\t<\/h2>\n\t\t\t\t<p><input type=\"text\" name=\"first_name\" placeholder=\"Votre pr\u00e9nom\" required \/>\n\t\t\t\t<\/p>\n\t\t\t<\/div>\n\t\t\t<div class=\"form_column\">\n\t\t\t\t<h2>Nom\n\t\t\t\t<\/h2>\n\t\t\t\t<p><input type=\"text\" name=\"last_name\" placeholder=\"Votre nom\" required \/>\n\t\t\t\t<\/p>\n\t\t\t<\/div>\n\t\t\t<div class=\"form_column\">\n\t\t\t\t<h2>Courriel\n\t\t\t\t<\/h2>\n\t\t\t\t<p><input type=\"email\" name=\"email\" placeholder=\"Votre courriel\" required \/>\n\t\t\t\t<\/p>\n\t\t\t<\/div>\n\t\t\t<div class=\"form_column\">\n\t\t\t\t<h2>T\u00e9l\u00e9phone\n\t\t\t\t<\/h2>\n\t\t\t\t<p><input type=\"tel\" name=\"phone\" placeholder=\"Votre num\u00e9ro de t\u00e9l\u00e9phone\" required \/>\n\t\t\t\t<\/p>\n\t\t\t<\/div>\n\t\t\t<div class=\"form_column\">\n\t\t\t\t<h2>Ville\n\t\t\t\t<\/h2>\n\t\t\t\t<p><input type=\"text\" name=\"city\" placeholder=\"Votre ville\" required \/>\n\t\t\t\t<\/p>\n\t\t\t<\/div>\n\t\t<\/div>\n\t\t<div class=\"col-lg-6 col-md-6\">\n\t\t\t<div class=\"form_textarea_contact\">\n\t\t\t\t<h2>Message (facultatif)\n\t\t\t\t<\/h2>\n\t\t\t\t<p><textarea name=\"message\" cols=\"30\" rows=\"6\" placeholder=\"Votre message\"><\/textarea>\n\t\t\t\t<\/p>\n\t\t\t<\/div>\n\t\t<\/div>\n\t<\/div>\n\t<p><button class=\"btn btn-info hvr-bounce-to-right appoint_button\" type=\"submit\">Envoyer la Demande<\/button>\n\t<\/p>\n<\/div><div class=\"wpcf7-response-output\" aria-hidden=\"true\"><\/div>\n<\/form>\n<\/div>\n\t\t\t<\/div>\n\t\t<\/section>\n\t\t<!-- appoinment page details area end -->\n\n\t\t\t\t\t\t<\/div>\n\t\t\t\t<\/div>\n\t\t\t\t\t<\/div>\n\t\t<\/div>\n\t\t\t\t\t<\/div>\n\t\t<\/section>\n\t\t\t\t<\/div>\n\t\t","protected":false},"excerpt":{"rendered":"<p>Remplissez le formulaire ci-dessous pour r\u00e9server un appel avec notre \u00e9quipe. Nous discuterons de votre projet de r\u00e9novation et vous fournirons une soumission adapt\u00e9e \u00e0 vos besoins. Les consultations sont disponibles du lundi au vendredi, de 10 h \u00e0 17 h. 1 Informations sur le Rendez-vous Date du Rendez-vous Heure du Rendez-vous Choisir&#8230;10:00 AM &#8211; [&hellip;]<\/p>\n","protected":false},"author":1,"featured_media":0,"parent":0,"menu_order":0,"comment_status":"closed","ping_status":"closed","template":"tpl-default-elementor.php","meta":{"footnotes":""},"class_list":["post-1416","page","type-page","status-publish","hentry"],"aioseo_notices":[],"_links":{"self":[{"href":"https:\/\/mnprojets.ca\/index.php?rest_route=\/wp\/v2\/pages\/1416","targetHints":{"allow":["GET"]}}],"collection":[{"href":"https:\/\/mnprojets.ca\/index.php?rest_route=\/wp\/v2\/pages"}],"about":[{"href":"https:\/\/mnprojets.ca\/index.php?rest_route=\/wp\/v2\/types\/page"}],"author":[{"embeddable":true,"href":"https:\/\/mnprojets.ca\/index.php?rest_route=\/wp\/v2\/users\/1"}],"replies":[{"embeddable":true,"href":"https:\/\/mnprojets.ca\/index.php?rest_route=%2Fwp%2Fv2%2Fcomments&post=1416"}],"version-history":[{"count":9,"href":"https:\/\/mnprojets.ca\/index.php?rest_route=\/wp\/v2\/pages\/1416\/revisions"}],"predecessor-version":[{"id":2353,"href":"https:\/\/mnprojets.ca\/index.php?rest_route=\/wp\/v2\/pages\/1416\/revisions\/2353"}],"wp:attachment":[{"href":"https:\/\/mnprojets.ca\/index.php?rest_route=%2Fwp%2Fv2%2Fmedia&parent=1416"}],"curies":[{"name":"wp","href":"https:\/\/api.w.org\/{rel}","templated":true}]}}