{"id":1741,"date":"2020-06-22T05:46:51","date_gmt":"2020-06-22T05:46:51","guid":{"rendered":"http:\/\/july.commonsupport.com\/intervio\/?page_id=3"},"modified":"2024-11-08T16:41:08","modified_gmt":"2024-11-08T16:41:08","slug":"politique-de-confidentialite","status":"publish","type":"page","link":"https:\/\/mnprojets.ca\/?page_id=1741","title":{"rendered":"Politique de Confidentialit\u00e9"},"content":{"rendered":"\t\t<div data-elementor-type=\"wp-page\" data-elementor-id=\"1741\" class=\"elementor elementor-1741\">\n\t\t\t\t<div class=\"elementor-element elementor-element-17639d1a e-flex e-con-boxed e-con e-parent\" data-id=\"17639d1a\" data-element_type=\"container\">\n\t\t\t\t\t<div class=\"e-con-inner\">\n\t\t\t\t<div class=\"elementor-element elementor-element-6739bfeb elementor-widget elementor-widget-text-editor\" data-id=\"6739bfeb\" data-element_type=\"widget\" data-widget_type=\"text-editor.default\">\n\t\t\t\t<div class=\"elementor-widget-container\">\n\t\t\t\t\t\t\t\t\t\n<h3 class=\"wp-block-heading\">Politique de Confidentialit\u00e9<\/h3>\n<p><strong>MN Projets<\/strong><br \/>Adresse : 22 Chemin Du Mus\u00e9e, Blainville, QC, J7C 3R6<br \/>T\u00e9l\u00e9phone : (438) 622-5224<br \/>Courriel : <a rel=\"noopener\">info@mnprojets.com<\/a><\/p>\n<p><strong>Introduction<\/strong><\/p>\n<p>Chez MN Projets, nous nous engageons \u00e0 prot\u00e9ger la confidentialit\u00e9 de vos informations personnelles. Cette politique de confidentialit\u00e9 explique comment nous recueillons, utilisons et prot\u00e9geons vos donn\u00e9es.<\/p>\n<p><strong>1. Collecte des informations<\/strong><\/p>\n<p>Nous collectons les informations que vous nous fournissez volontairement via notre site, par exemple lorsque vous remplissez un formulaire de contact ou demandez des informations sur nos services.<\/p>\n<p><strong>2. Utilisation des informations<\/strong><\/p>\n<p>Les informations collect\u00e9es sont utilis\u00e9es pour :<\/p>\n<ul>\n<li>R\u00e9pondre \u00e0 vos demandes de renseignements<\/li>\n<li>Am\u00e9liorer nos services<\/li>\n<li>Vous tenir inform\u00e9 de nos offres et promotions, si vous y avez consenti<\/li>\n<\/ul>\n<p><strong>3. Partage des informations<\/strong><\/p>\n<p>MN Projets s&#8217;engage \u00e0 ne pas vendre, louer ou partager vos informations personnelles avec des tiers sans votre consentement, sauf si la loi l&#8217;exige.<\/p>\n<p><strong>4. S\u00e9curit\u00e9 des informations<\/strong><\/p>\n<p>Nous prenons des mesures raisonnables pour prot\u00e9ger vos donn\u00e9es contre l&#8217;acc\u00e8s non autoris\u00e9, la perte ou l&#8217;alt\u00e9ration.<\/p>\n<p><strong>5. Cookies<\/strong><\/p>\n<p>Notre site utilise des cookies pour am\u00e9liorer l&#8217;exp\u00e9rience utilisateur. Vous pouvez configurer votre navigateur pour refuser les cookies. Cependant, cela pourrait limiter certaines fonctionnalit\u00e9s du site.<\/p>\n<p><strong>6. Droits de l&#8217;utilisateur<\/strong><\/p>\n<p>Conform\u00e9ment \u00e0 la loi applicable, vous avez le droit d&#8217;acc\u00e9der, de modifier ou de supprimer vos informations personnelles en nous contactant \u00e0 l&#8217;adresse <a rel=\"noopener\">info@mnprojets.com<\/a>.<\/p>\n<p><strong>7. Modifications de la politique de confidentialit\u00e9<\/strong><\/p>\n<p>MN Projets se r\u00e9serve le droit de modifier cette politique de confidentialit\u00e9 \u00e0 tout moment. Nous vous encourageons \u00e0 consulter r\u00e9guli\u00e8rement cette page pour rester inform\u00e9 de toute mise \u00e0 jour.<\/p>\n\t\t\t\t\t\t\t\t<\/div>\n\t\t\t\t<\/div>\n\t\t\t\t\t<\/div>\n\t\t\t\t<\/div>\n\t\t\t\t<\/div>\n\t\t","protected":false},"excerpt":{"rendered":"<p>Politique de Confidentialit\u00e9 MN ProjetsAdresse : 22 Chemin Du Mus\u00e9e, Blainville, QC, J7C 3R6T\u00e9l\u00e9phone : (438) 622-5224Courriel : info@mnprojets.com Introduction Chez MN Projets, nous nous engageons \u00e0 prot\u00e9ger la confidentialit\u00e9 de vos informations personnelles. Cette politique de confidentialit\u00e9 explique comment nous recueillons, utilisons et prot\u00e9geons vos donn\u00e9es. 1. Collecte des informations Nous collectons les informations [&hellip;]<\/p>\n","protected":false},"author":1,"featured_media":0,"parent":0,"menu_order":0,"comment_status":"closed","ping_status":"closed","template":"tpl-default-elementor.php","meta":{"footnotes":""},"class_list":["post-1741","page","type-page","status-publish","hentry"],"aioseo_notices":[],"_links":{"self":[{"href":"https:\/\/mnprojets.ca\/index.php?rest_route=\/wp\/v2\/pages\/1741","targetHints":{"allow":["GET"]}}],"collection":[{"href":"https:\/\/mnprojets.ca\/index.php?rest_route=\/wp\/v2\/pages"}],"about":[{"href":"https:\/\/mnprojets.ca\/index.php?rest_route=\/wp\/v2\/types\/page"}],"author":[{"embeddable":true,"href":"https:\/\/mnprojets.ca\/index.php?rest_route=\/wp\/v2\/users\/1"}],"replies":[{"embeddable":true,"href":"https:\/\/mnprojets.ca\/index.php?rest_route=%2Fwp%2Fv2%2Fcomments&post=1741"}],"version-history":[{"count":7,"href":"https:\/\/mnprojets.ca\/index.php?rest_route=\/wp\/v2\/pages\/1741\/revisions"}],"predecessor-version":[{"id":2360,"href":"https:\/\/mnprojets.ca\/index.php?rest_route=\/wp\/v2\/pages\/1741\/revisions\/2360"}],"wp:attachment":[{"href":"https:\/\/mnprojets.ca\/index.php?rest_route=%2Fwp%2Fv2%2Fmedia&parent=1741"}],"curies":[{"name":"wp","href":"https:\/\/api.w.org\/{rel}","templated":true}]}}