{"id":1748,"date":"2020-06-22T06:44:52","date_gmt":"2020-06-22T06:44:52","guid":{"rendered":"http:\/\/july.commonsupport.com\/intervio\/?page_id=13"},"modified":"2024-11-15T17:43:48","modified_gmt":"2024-11-15T17:43:48","slug":"nos-services","status":"publish","type":"page","link":"https:\/\/mnprojets.ca\/?page_id=1748","title":{"rendered":"Nos Services"},"content":{"rendered":"\t\t<div data-elementor-type=\"wp-page\" data-elementor-id=\"1748\" class=\"elementor elementor-1748\">\n\t\t\t\t\t\t<section class=\"elementor-section elementor-top-section elementor-element elementor-element-f4e63a6 elementor-section-boxed elementor-section-height-default elementor-section-height-default\" data-id=\"f4e63a6\" data-element_type=\"section\">\n\t\t\t\t\t\t<div class=\"elementor-container elementor-column-gap-no\">\n\t\t\t\t\t<div class=\"elementor-column elementor-col-50 elementor-top-column elementor-element elementor-element-7a4876a\" data-id=\"7a4876a\" data-element_type=\"column\">\n\t\t\t<div class=\"elementor-widget-wrap elementor-element-populated\">\n\t\t\t\t\t\t<div class=\"elementor-element elementor-element-90ab681 elementor-widget elementor-widget-intervio_about4_left\" data-id=\"90ab681\" data-element_type=\"widget\" data-widget_type=\"intervio_about4_left.default\">\n\t\t\t\t<div class=\"elementor-widget-container\">\n\t\t\t\t\t<section class=\" about-us-section-four\">\n\t<div class=\"line-shape\">\n\t\t<span class=\"line-one\"><\/span>\n\t\t<span class=\"line-two\"><\/span>\n\t<\/div>\n\t<div class=\"auto-container\">\n\t\t<div class=\"row\">\n\t\t\t<div class=\"col-lg-12\">\n\t\t\t\t<div class=\"content wow fadeInLeft\">\n\t\t\t\t\t<h4>Lib\u00e9rez le Potentiel de Vos Espaces\n<\/h4>\n\t\t\t\t\t<h2><strong>MN Projets <\/strong> \u2013 R\u00e9novation Int\u00e9rieure et Ext\u00e9rieure<\/h2>\n\t\t\t\t\t<div class=\"text\">MN Projets est une entreprise sp\u00e9cialis\u00e9e en r\u00e9novation r\u00e9sidentielle, offrant des services d\u2019am\u00e9nagement int\u00e9rieur et ext\u00e9rieur \u00e0 Laval et sur la Rive-nord. Nous transformons chaque espace avec des solutions adapt\u00e9es et durables, alliant fonctionnalit\u00e9 et esth\u00e9tique. De la cr\u00e9ation de patios et balcons \u00e0 la r\u00e9novation compl\u00e8te de sous-sols, notre \u00e9quipe travaille avec passion et pr\u00e9cision pour r\u00e9pondre aux attentes de nos clients.<\/div>\n\t\t\t\t\t\n\t\t\t\t\t\t\t\t\t\t<div class=\"link-btn\"><a href=\"https:\/\/mnprojets.ca\/?page_id=45\" class=\"theme-btn btn-style-two\"><span>Contactez-nous<\/span><\/a><\/div>\n\t\t\t\t\t\t\t\t\t\t\n\t\t\t\t<\/div>\n\t\t\t<\/div>\n\t\t<\/div>\n\t<\/div>            \n<\/section>\n\t\t\t\t\t\t<\/div>\n\t\t\t\t<\/div>\n\t\t\t\t\t<\/div>\n\t\t<\/div>\n\t\t\t\t<div class=\"elementor-column elementor-col-50 elementor-top-column elementor-element elementor-element-a1daf05\" data-id=\"a1daf05\" data-element_type=\"column\">\n\t\t\t<div class=\"elementor-widget-wrap elementor-element-populated\">\n\t\t\t\t\t\t<div class=\"elementor-element elementor-element-2fc7543 elementor-widget elementor-widget-intervio_about4_right\" data-id=\"2fc7543\" data-element_type=\"widget\" data-widget_type=\"intervio_about4_right.default\">\n\t\t\t\t<div class=\"elementor-widget-container\">\n\t\t\t\t\t<section class=\" about-us-section-four\">\n\t<div class=\"line-shape\">\n\t\t<span class=\"line-three\"><\/span>\n\t\t<span class=\"line-four\"><\/span>\n\t<\/div>\n\t<div class=\"auto-container\">\n\t\t<div class=\"row\">\n\t\t\t<div class=\"col-lg-12\">\n\t\t\t\t<div class=\"image-block wow fadeInRight\">\n\t\t\t\t\t\t\t\t<div class=\"image\"><img decoding=\"async\" src=\"https:\/\/mnprojets.ca\/wp-content\/uploads\/2024\/11\/IMG_1683_11zon.jpg\" alt=\"intervio\"><\/div>\n\t\t\t\t\t\t\t\t<\/div>\n\t\t\t<\/div>\n\t\t<\/div>\n\t<\/div>            \n<\/section>\t\n\n\t\t\t\t\t\t<\/div>\n\t\t\t\t<\/div>\n\t\t\t\t\t<\/div>\n\t\t<\/div>\n\t\t\t\t\t<\/div>\n\t\t<\/section>\n\t\t\t\t<section class=\"elementor-section elementor-top-section elementor-element elementor-element-772cc3c0 elementor-section-full_width elementor-section-height-default elementor-section-height-default\" data-id=\"772cc3c0\" data-element_type=\"section\">\n\t\t\t\t\t\t<div class=\"elementor-container elementor-column-gap-no\">\n\t\t\t\t\t<div class=\"elementor-column elementor-col-100 elementor-top-column elementor-element elementor-element-7ad9505b\" data-id=\"7ad9505b\" data-element_type=\"column\">\n\t\t\t<div class=\"elementor-widget-wrap elementor-element-populated\">\n\t\t\t\t\t\t<div class=\"elementor-element elementor-element-76594418 elementor-widget elementor-widget-intervio_calltoaction\" data-id=\"76594418\" data-element_type=\"widget\" data-widget_type=\"intervio_calltoaction.default\">\n\t\t\t\t<div class=\"elementor-widget-container\">\n\t\t\t\t\t<section class=\" cta-section\">\n\t<div class=\"auto-container\">\n\t\t\n\t\t\t\t<div class=\" outer-box\" style=\"background-image: url(http:\/\/july.commonsupport.com\/intervio\/wp-content\/uploads\/2020\/06\/bg-12.jpg);\">\n\t\t\t\t\t\n\t\t\t\t\t\t<div class=\"logo\"><img decoding=\"async\" src=\"https:\/\/mnprojets.ca\/wp-content\/uploads\/2024\/11\/Design-sans-titre-9.png\" alt=\"intervio\"><\/div>\n\t\t\t\t\t\t\n\t\t\t<h2>Des Espaces Pens\u00e9s Pour Votre Confort et Bien-\u00catre<\/h2>\n\t\t\t<div class=\"shape-one\"><\/div>\n\t\t<\/div>\n\t<\/div>\n<\/section>\n\t\t\t\t\t\t<\/div>\n\t\t\t\t<\/div>\n\t\t\t\t\t<\/div>\n\t\t<\/div>\n\t\t\t\t\t<\/div>\n\t\t<\/section>\n\t\t\t\t<section class=\"elementor-section elementor-top-section elementor-element elementor-element-3f4b392 elementor-section-stretched elementor-section-full_width elementor-section-height-default elementor-section-height-default\" data-id=\"3f4b392\" data-element_type=\"section\" data-settings=\"{&quot;stretch_section&quot;:&quot;section-stretched&quot;}\">\n\t\t\t\t\t\t<div class=\"elementor-container elementor-column-gap-no\">\n\t\t\t\t\t<div class=\"elementor-column elementor-col-100 elementor-top-column elementor-element elementor-element-3bf1ca1\" data-id=\"3bf1ca1\" data-element_type=\"column\">\n\t\t\t<div class=\"elementor-widget-wrap elementor-element-populated\">\n\t\t\t\t\t\t<div class=\"elementor-element elementor-element-f5c87df elementor-widget elementor-widget-spacer\" data-id=\"f5c87df\" data-element_type=\"widget\" data-widget_type=\"spacer.default\">\n\t\t\t\t<div class=\"elementor-widget-container\">\n\t\t\t\t\t\t\t<div class=\"elementor-spacer\">\n\t\t\t<div class=\"elementor-spacer-inner\"><\/div>\n\t\t<\/div>\n\t\t\t\t\t\t<\/div>\n\t\t\t\t<\/div>\n\t\t\t\t<div class=\"elementor-element elementor-element-2456044 elementor-widget elementor-widget-intervio_gallery\" data-id=\"2456044\" data-element_type=\"widget\" data-widget_type=\"intervio_gallery.default\">\n\t\t\t\t<div class=\"elementor-widget-container\">\n\t\t\t\t\t<section class=\" projects-section\">\n\t<div class=\"auto-container\">\n\t\t<div class=\"wrapper-box\">\n\t\t\t<div class=\"row\">\n\t\t\t\t \n\t\t\t\t\t\n\t\t\t\t\n\t\t\t\t<div class=\"project-block-one col-lg-4\">\n\t\t\t\t\t<div class=\"inner-box wow fadeInUp\" data-wow-duration=\"1500ms\">\n\t\t\t\t\t\t\n\t\t\t\t\t\t\t\t\t\t\t\t<div class=\"image\"><img decoding=\"async\" src=\"https:\/\/mnprojets.ca\/wp-content\/uploads\/2024\/10\/amenagement-3.jpg\" alt=\"\"><\/div>\n\t\t\t\t\t\t\t\t\t\t\t\t\n\t\t\t\t\t\t<div class=\"content\">\n\t\t\t\t\t\t\t<div class=\"top-content\">\n\t\t\t\t\t\t\t\t<h5>Espace Ext\u00e9rieur Unique\n<\/h5>\n\t\t\t\t\t\t\t\t<h3>Am\u00e9nagement Ext\u00e9rieur\n<\/h3>\n\t\t\t\t\t\t\t<\/div>                            \n\t\t\t\t\t\t\t<div class=\"text\"><\/div>\n\t\t\t\t\t\t<\/div>\n\t\t\t\t\t<\/div>\n\t\t\t\t<\/div>\n\t\t\t\t\n\t\t\t\t\t\n\t\t\t\t\n\t\t\t\t<div class=\"project-block-one col-lg-4\">\n\t\t\t\t\t<div class=\"inner-box wow fadeInUp\" data-wow-duration=\"1500ms\">\n\t\t\t\t\t\t\n\t\t\t\t\t\t\t\t\t\t\t\t<div class=\"image\"><img decoding=\"async\" src=\"https:\/\/mnprojets.ca\/wp-content\/uploads\/2024\/10\/amenagement-1.jpg\" alt=\"\"><\/div>\n\t\t\t\t\t\t\t\t\t\t\t\t\n\t\t\t\t\t\t<div class=\"content\">\n\t\t\t\t\t\t\t<div class=\"top-content\">\n\t\t\t\t\t\t\t\t<h5>Modernisez votre Ext\u00e9rieur<\/h5>\n\t\t\t\t\t\t\t\t<h3>R\u00e9novation Ext\u00e9rieure\n<\/h3>\n\t\t\t\t\t\t\t<\/div>                            \n\t\t\t\t\t\t\t<div class=\"text\"><\/div>\n\t\t\t\t\t\t<\/div>\n\t\t\t\t\t<\/div>\n\t\t\t\t<\/div>\n\t\t\t\t\n\t\t\t\t\t\n\t\t\t\t\n\t\t\t\t<div class=\"project-block-one col-lg-4\">\n\t\t\t\t\t<div class=\"inner-box wow fadeInUp\" data-wow-duration=\"1500ms\">\n\t\t\t\t\t\t\n\t\t\t\t\t\t\t\t\t\t\t\t<div class=\"image\"><img decoding=\"async\" src=\"https:\/\/mnprojets.ca\/wp-content\/uploads\/2024\/10\/amenagement-2.jpg\" alt=\"\"><\/div>\n\t\t\t\t\t\t\t\t\t\t\t\t\n\t\t\t\t\t\t<div class=\"content\">\n\t\t\t\t\t\t\t<div class=\"top-content\">\n\t\t\t\t\t\t\t\t<h5>Un Int\u00e9rieur \u00e0 Votre Image\n<\/h5>\n\t\t\t\t\t\t\t\t<h3>R\u00e9novation Int\u00e9rieure\n<\/h3>\n\t\t\t\t\t\t\t<\/div>                            \n\t\t\t\t\t\t\t<div class=\"text\"><\/div>\n\t\t\t\t\t\t<\/div>\n\t\t\t\t\t<\/div>\n\t\t\t\t<\/div>\n\t\t\t\t\n\t\t\t\t\t\t\t<\/div>\n\t\t<\/div>\n\t<\/div>\n<\/section>\n\t\t\t\t\t\t<\/div>\n\t\t\t\t<\/div>\n\t\t\t\t\t<\/div>\n\t\t<\/div>\n\t\t\t\t\t<\/div>\n\t\t<\/section>\n\t\t\t\t<section class=\"elementor-section elementor-top-section elementor-element elementor-element-844b5f0 elementor-section-stretched elementor-section-full_width elementor-section-height-default elementor-section-height-default\" data-id=\"844b5f0\" data-element_type=\"section\" data-settings=\"{&quot;stretch_section&quot;:&quot;section-stretched&quot;}\">\n\t\t\t\t\t\t<div class=\"elementor-container elementor-column-gap-no\">\n\t\t\t\t\t<div class=\"elementor-column elementor-col-100 elementor-top-column elementor-element elementor-element-f74ea6a\" data-id=\"f74ea6a\" data-element_type=\"column\">\n\t\t\t<div class=\"elementor-widget-wrap elementor-element-populated\">\n\t\t\t\t\t\t<div class=\"elementor-element elementor-element-f9b2fb1 elementor-widget elementor-widget-intervio_services\" data-id=\"f9b2fb1\" data-element_type=\"widget\" data-widget_type=\"intervio_services.default\">\n\t\t\t\t<div class=\"elementor-widget-container\">\n\t\t\t\t\t<section class=\" services-section\">\n        <div class=\"border-shape\"><\/div>\n        <h1 class=\"big-title\">Nos services<\/h1>\n        <div class=\"auto-container\">\n            <div class=\"sec-title text-center\">\n                <div class=\"shape-one\"><\/div>\n                <span class=\"sec-title-dec\"><\/span>\n                <h2>Des Services Adapt\u00e9s pour Vos Projets de R\u00e9novation\n<\/h2>\n                <div class=\"text\">Chez MN Projets, nous transformons vos espaces ext\u00e9rieurs et int\u00e9rieurs avec des solutions sur mesure. De l\u2019am\u00e9nagement paysager \u00e0 la r\u00e9novation int\u00e9rieure, chaque service est con\u00e7u pour am\u00e9liorer votre confort, valoriser votre maison et r\u00e9pondre \u00e0 vos attentes. D\u00e9couvrez notre expertise en travaux r\u00e9sidentiels et laissez vous inspirer par nos services.\n<\/div>\n            <\/div>\n            <div class=\"row\">\n                \n\t\t\t\t\t \n\t\t\t\t\n\t\t\t\t<div class=\"service-block-one col-lg-4 col-md-6\">\n                    <div class=\"inner-box wow fadeInUp\" data-wow-duration=\"1500ms\">\n                        \n\t\t\t\t\t\t\t\t\t\t\t\t<div class=\"image\"><img decoding=\"async\" src=\"https:\/\/mnprojets.ca\/wp-content\/uploads\/2024\/10\/pergola_11zon-1.jpg\" alt=\"\"><\/div>\n\t\t\t\t\t\t\t\t\t\t\t\t\n                        <div class=\"content\">\n                            <h4>Pergola<\/h4>\n                            \n\t\t\t\t\t\t\t\t\t\t\t\t\t\t\n                        <\/div>\n                    <\/div>\n                <\/div>\n                \n\t\t\t\t\t \n\t\t\t\t\n\t\t\t\t<div class=\"service-block-one col-lg-4 col-md-6\">\n                    <div class=\"inner-box wow fadeInUp\" data-wow-duration=\"1500ms\">\n                        \n\t\t\t\t\t\t\t\t\t\t\t\t<div class=\"image\"><img decoding=\"async\" src=\"https:\/\/mnprojets.ca\/wp-content\/uploads\/2024\/10\/pergola-1_11zon-1.jpg\" alt=\"\"><\/div>\n\t\t\t\t\t\t\t\t\t\t\t\t\n                        <div class=\"content\">\n                            <h4>Balcons en Bois<\/h4>\n                            \n\t\t\t\t\t\t\t\t\t\t\t\t\t\t\n                        <\/div>\n                    <\/div>\n                <\/div>\n                \n\t\t\t\t\t \n\t\t\t\t\n\t\t\t\t<div class=\"service-block-one col-lg-4 col-md-6\">\n                    <div class=\"inner-box wow fadeInUp\" data-wow-duration=\"1500ms\">\n                        \n\t\t\t\t\t\t\t\t\t\t\t\t<div class=\"image\"><img decoding=\"async\" src=\"https:\/\/mnprojets.ca\/wp-content\/uploads\/2024\/10\/patio_11zon-1.jpg\" alt=\"\"><\/div>\n\t\t\t\t\t\t\t\t\t\t\t\t\n                        <div class=\"content\">\n                            <h4>Patio<\/h4>\n                            \n\t\t\t\t\t\t\t\t\t\t\t\t\t\t\n                        <\/div>\n                    <\/div>\n                <\/div>\n                \n\t\t\t\t\t \n\t\t\t\t\n\t\t\t\t<div class=\"service-block-one col-lg-4 col-md-6\">\n                    <div class=\"inner-box wow fadeInUp\" data-wow-duration=\"1500ms\">\n                        \n\t\t\t\t\t\t\t\t\t\t\t\t<div class=\"image\"><img decoding=\"async\" src=\"https:\/\/mnprojets.ca\/wp-content\/uploads\/2024\/10\/demolition-2.jpg\" alt=\"\"><\/div>\n\t\t\t\t\t\t\t\t\t\t\t\t\n                        <div class=\"content\">\n                            <h4>D\u00e9molition<\/h4>\n                            \n\t\t\t\t\t\t\t\t\t\t\t\t\t\t\n                        <\/div>\n                    <\/div>\n                <\/div>\n                \n\t\t\t\t\t \n\t\t\t\t\n\t\t\t\t<div class=\"service-block-one col-lg-4 col-md-6\">\n                    <div class=\"inner-box wow fadeInUp\" data-wow-duration=\"1500ms\">\n                        \n\t\t\t\t\t\t\t\t\t\t\t\t<div class=\"image\"><img decoding=\"async\" src=\"https:\/\/mnprojets.ca\/wp-content\/uploads\/2024\/10\/demolition-1-1.jpg\" alt=\"\"><\/div>\n\t\t\t\t\t\t\t\t\t\t\t\t\n                        <div class=\"content\">\n                            <h4>Fondation et Excavation<\/h4>\n                            \n\t\t\t\t\t\t\t\t\t\t\t\t\t\t\n                        <\/div>\n                    <\/div>\n                <\/div>\n                \n\t\t\t\t\t \n\t\t\t\t\n\t\t\t\t<div class=\"service-block-one col-lg-4 col-md-6\">\n                    <div class=\"inner-box wow fadeInUp\" data-wow-duration=\"1500ms\">\n                        \n\t\t\t\t\t\t\t\t\t\t\t\t<div class=\"image\"><img decoding=\"async\" src=\"https:\/\/mnprojets.ca\/wp-content\/uploads\/2024\/11\/IMG_2363-1_11zon.jpg\" alt=\"\"><\/div>\n\t\t\t\t\t\t\t\t\t\t\t\t\n                        <div class=\"content\">\n                            <h4>Rev\u00eatement Ext\u00e9rieur<\/h4>\n                            \n\t\t\t\t\t\t\t\t\t\t\t\t\t\t\n                        <\/div>\n                    <\/div>\n                <\/div>\n                \n\t\t\t\t\t \n\t\t\t\t\n\t\t\t\t<div class=\"service-block-one col-lg-4 col-md-6\">\n                    <div class=\"inner-box wow fadeInUp\" data-wow-duration=\"1500ms\">\n                        \n\t\t\t\t\t\t\t\t\t\t\t\t<div class=\"image\"><img decoding=\"async\" src=\"https:\/\/mnprojets.ca\/wp-content\/uploads\/2024\/10\/demolition-3.jpg\" alt=\"\"><\/div>\n\t\t\t\t\t\t\t\t\t\t\t\t\n                        <div class=\"content\">\n                            <h4>R\u00e9novation de Sous-sol (sans plomberie\/\u00e9lectricit\u00e9)<\/h4>\n                            \n\t\t\t\t\t\t\t\t\t\t\t\t\t\t\n                        <\/div>\n                    <\/div>\n                <\/div>\n                \n\t\t\t\t\t \n\t\t\t\t\n\t\t\t\t<div class=\"service-block-one col-lg-4 col-md-6\">\n                    <div class=\"inner-box wow fadeInUp\" data-wow-duration=\"1500ms\">\n                        \n\t\t\t\t\t\t\t\t\t\t\t\t<div class=\"image\"><img decoding=\"async\" src=\"https:\/\/mnprojets.ca\/wp-content\/uploads\/2024\/10\/demolition-4.png\" alt=\"\"><\/div>\n\t\t\t\t\t\t\t\t\t\t\t\t\n                        <div class=\"content\">\n                            <h4>Gypse, Murs et Plafonds<\/h4>\n                            \n\t\t\t\t\t\t\t\t\t\t\t\t\t\t\n                        <\/div>\n                    <\/div>\n                <\/div>\n                \n\t\t\t\t\t \n\t\t\t\t\n\t\t\t\t<div class=\"service-block-one col-lg-4 col-md-6\">\n                    <div class=\"inner-box wow fadeInUp\" data-wow-duration=\"1500ms\">\n                        \n\t\t\t\t\t\t\t\t\t\t\t\t<div class=\"image\"><img decoding=\"async\" src=\"https:\/\/mnprojets.ca\/wp-content\/uploads\/2024\/10\/demolition-5.png\" alt=\"\"><\/div>\n\t\t\t\t\t\t\t\t\t\t\t\t\n                        <div class=\"content\">\n                            <h4>Isolation<\/h4>\n                            \n\t\t\t\t\t\t\t\t\t\t\t\t\t\t\n                        <\/div>\n                    <\/div>\n                <\/div>\n                \n\t\t\t\t\t \n\t\t\t\t\n\t\t\t\t<div class=\"service-block-one col-lg-4 col-md-6\">\n                    <div class=\"inner-box wow fadeInUp\" data-wow-duration=\"1500ms\">\n                        \n\t\t\t\t\t\t\t\t\t\t\t\t<div class=\"image\"><img decoding=\"async\" src=\"https:\/\/mnprojets.ca\/wp-content\/uploads\/2024\/10\/demolition-6.png\" alt=\"\"><\/div>\n\t\t\t\t\t\t\t\t\t\t\t\t\n                        <div class=\"content\">\n                            <h4>Plancher - Installation<\/h4>\n                            \n\t\t\t\t\t\t\t\t\t\t\t\t\t\t\n                        <\/div>\n                    <\/div>\n                <\/div>\n                \n\t\t\t\t\t \n\t\t\t\t\n\t\t\t\t<div class=\"service-block-one col-lg-4 col-md-6\">\n                    <div class=\"inner-box wow fadeInUp\" data-wow-duration=\"1500ms\">\n                        \n\t\t\t\t\t\t\t\t\t\t\t\t<div class=\"image\"><img decoding=\"async\" src=\"https:\/\/mnprojets.ca\/wp-content\/uploads\/2024\/10\/demolition-7.png\" alt=\"\"><\/div>\n\t\t\t\t\t\t\t\t\t\t\t\t\n                        <div class=\"content\">\n                            <h4>R\u00e9novation Salle de Bain<\/h4>\n                            \n\t\t\t\t\t\t\t\t\t\t\t\t\t\t\n                        <\/div>\n                    <\/div>\n                <\/div>\n                \n\t\t\t\t\t \n\t\t\t\t\n\t\t\t\t<div class=\"service-block-one col-lg-4 col-md-6\">\n                    <div class=\"inner-box wow fadeInUp\" data-wow-duration=\"1500ms\">\n                        \n\t\t\t\t\t\t\t\t\t\t\t\t<div class=\"image\"><img decoding=\"async\" src=\"https:\/\/mnprojets.ca\/wp-content\/uploads\/2024\/10\/demolition-8.png\" alt=\"\"><\/div>\n\t\t\t\t\t\t\t\t\t\t\t\t\n                        <div class=\"content\">\n                            <h4>R\u00e9novation Cuisine<\/h4>\n                            \n\t\t\t\t\t\t\t\t\t\t\t\t\t\t\n                        <\/div>\n                    <\/div>\n                <\/div>\n                \n\t\t\t\t            <\/div>\n        <\/div>\n    <\/section>\n\t\t\t\t\t\t<\/div>\n\t\t\t\t<\/div>\n\t\t\t\t\t<\/div>\n\t\t<\/div>\n\t\t\t\t\t<\/div>\n\t\t<\/section>\n\t\t<div class=\"elementor-element elementor-element-3c28b45 e-grid e-con-boxed e-con e-parent\" data-id=\"3c28b45\" data-element_type=\"container\">\n\t\t\t\t\t<div class=\"e-con-inner\">\n\t\t<div class=\"elementor-element elementor-element-3b4d3ab e-con-full e-flex e-con e-child\" data-id=\"3b4d3ab\" data-element_type=\"container\">\n\t\t\t\t<div class=\"elementor-element elementor-element-d103686 elementor-widget elementor-widget-heading\" data-id=\"d103686\" data-element_type=\"widget\" data-widget_type=\"heading.default\">\n\t\t\t\t<div class=\"elementor-widget-container\">\n\t\t\t\t\t<h2 class=\"elementor-heading-title elementor-size-default\">Nos Partenaires<\/h2>\t\t\t\t<\/div>\n\t\t\t\t<\/div>\n\t\t\t\t<\/div>\n\t\t\t\t<div class=\"elementor-element elementor-element-c3d22c8 elementor-widget elementor-widget-image\" data-id=\"c3d22c8\" data-element_type=\"widget\" data-widget_type=\"image.default\">\n\t\t\t\t<div class=\"elementor-widget-container\">\n\t\t\t\t\t\t\t\t\t\t\t\t\t\t\t\t<a href=\"https:\/\/patrickmorin.com\/fr\/\">\n\t\t\t\t\t\t\t<img fetchpriority=\"high\" decoding=\"async\" width=\"1920\" height=\"755\" src=\"https:\/\/mnprojets.ca\/wp-content\/uploads\/2024\/11\/pm.webp\" class=\"attachment-full size-full wp-image-2086\" alt=\"\" srcset=\"https:\/\/mnprojets.ca\/wp-content\/uploads\/2024\/11\/pm.webp 1920w, https:\/\/mnprojets.ca\/wp-content\/uploads\/2024\/11\/pm-300x118.webp 300w, https:\/\/mnprojets.ca\/wp-content\/uploads\/2024\/11\/pm-1024x403.webp 1024w, https:\/\/mnprojets.ca\/wp-content\/uploads\/2024\/11\/pm-768x302.webp 768w, https:\/\/mnprojets.ca\/wp-content\/uploads\/2024\/11\/pm-1536x604.webp 1536w, https:\/\/mnprojets.ca\/wp-content\/uploads\/2024\/11\/pm-600x236.webp 600w\" sizes=\"(max-width: 1920px) 100vw, 1920px\" \/>\t\t\t\t\t\t\t\t<\/a>\n\t\t\t\t\t\t\t\t\t\t\t\t\t\t\t<\/div>\n\t\t\t\t<\/div>\n\t\t\t\t<div class=\"elementor-element elementor-element-95a8bc1 elementor-widget elementor-widget-image\" data-id=\"95a8bc1\" data-element_type=\"widget\" data-widget_type=\"image.default\">\n\t\t\t\t<div class=\"elementor-widget-container\">\n\t\t\t\t\t\t\t\t\t\t\t\t\t\t\t\t<a href=\"https:\/\/www.rona.ca\/fr\">\n\t\t\t\t\t\t\t<img decoding=\"async\" width=\"200\" height=\"80\" src=\"https:\/\/mnprojets.ca\/wp-content\/uploads\/2024\/11\/amenagement-193-x-50-px-193-x-100-px-200-x-80-px-1.png\" class=\"attachment-full size-full wp-image-2090\" alt=\"\" \/>\t\t\t\t\t\t\t\t<\/a>\n\t\t\t\t\t\t\t\t\t\t\t\t\t\t\t<\/div>\n\t\t\t\t<\/div>\n\t\t\t\t<div class=\"elementor-element elementor-element-956e3dd elementor-widget elementor-widget-text-editor\" data-id=\"956e3dd\" data-element_type=\"widget\" data-widget_type=\"text-editor.default\">\n\t\t\t\t<div class=\"elementor-widget-container\">\n\t\t\t\t\t\t\t\t\t<p>Nous avons eu le plaisir de collaborer avec des entreprises et des partenaires de confiance au Qu\u00e9bec, reconnus pour leur expertise et leur qualit\u00e9. Ces partenariats t\u00e9moignent de notre engagement envers l&#8217;excellence et la satisfaction de nos clients.<\/p>\t\t\t\t\t\t\t\t<\/div>\n\t\t\t\t<\/div>\n\t\t\t\t<div class=\"elementor-element elementor-element-0f3f53a elementor-widget elementor-widget-image\" data-id=\"0f3f53a\" data-element_type=\"widget\" data-widget_type=\"image.default\">\n\t\t\t\t<div class=\"elementor-widget-container\">\n\t\t\t\t\t\t\t\t\t\t\t\t\t\t\t\t<a href=\"https:\/\/www.bmr.ca\/fr\/\">\n\t\t\t\t\t\t\t<img decoding=\"async\" width=\"200\" height=\"80\" src=\"https:\/\/mnprojets.ca\/wp-content\/uploads\/2024\/11\/Sans-titre-200-x-80-px-2.png\" class=\"attachment-full size-full wp-image-2097\" alt=\"\" \/>\t\t\t\t\t\t\t\t<\/a>\n\t\t\t\t\t\t\t\t\t\t\t\t\t\t\t<\/div>\n\t\t\t\t<\/div>\n\t\t\t\t<div class=\"elementor-element elementor-element-9538ff9 elementor-widget elementor-widget-image\" data-id=\"9538ff9\" data-element_type=\"widget\" data-widget_type=\"image.default\">\n\t\t\t\t<div class=\"elementor-widget-container\">\n\t\t\t\t\t\t\t\t\t\t\t\t\t\t\t\t<a href=\"https:\/\/www.canac.ca\/fr\">\n\t\t\t\t\t\t\t<img loading=\"lazy\" decoding=\"async\" width=\"200\" height=\"80\" src=\"https:\/\/mnprojets.ca\/wp-content\/uploads\/2024\/11\/Sans-titre-200-x-80-px-1.png\" class=\"attachment-large size-large wp-image-2096\" alt=\"\" \/>\t\t\t\t\t\t\t\t<\/a>\n\t\t\t\t\t\t\t\t\t\t\t\t\t\t\t<\/div>\n\t\t\t\t<\/div>\n\t\t\t\t\t<\/div>\n\t\t\t\t<\/div>\n\t\t\t\t<\/div>\n\t\t","protected":false},"excerpt":{"rendered":"<p>Lib\u00e9rez le Potentiel de Vos Espaces MN Projets \u2013 R\u00e9novation Int\u00e9rieure et Ext\u00e9rieure MN Projets est une entreprise sp\u00e9cialis\u00e9e en r\u00e9novation r\u00e9sidentielle, offrant des services d\u2019am\u00e9nagement int\u00e9rieur et ext\u00e9rieur \u00e0 Laval et sur la Rive-nord. Nous transformons chaque espace avec des solutions adapt\u00e9es et durables, alliant fonctionnalit\u00e9 et esth\u00e9tique. De la cr\u00e9ation de patios et [&hellip;]<\/p>\n","protected":false},"author":1,"featured_media":0,"parent":0,"menu_order":0,"comment_status":"closed","ping_status":"closed","template":"elementor_header_footer","meta":{"footnotes":""},"class_list":["post-1748","page","type-page","status-publish","hentry"],"aioseo_notices":[],"_links":{"self":[{"href":"https:\/\/mnprojets.ca\/index.php?rest_route=\/wp\/v2\/pages\/1748","targetHints":{"allow":["GET"]}}],"collection":[{"href":"https:\/\/mnprojets.ca\/index.php?rest_route=\/wp\/v2\/pages"}],"about":[{"href":"https:\/\/mnprojets.ca\/index.php?rest_route=\/wp\/v2\/types\/page"}],"author":[{"embeddable":true,"href":"https:\/\/mnprojets.ca\/index.php?rest_route=\/wp\/v2\/users\/1"}],"replies":[{"embeddable":true,"href":"https:\/\/mnprojets.ca\/index.php?rest_route=%2Fwp%2Fv2%2Fcomments&post=1748"}],"version-history":[{"count":59,"href":"https:\/\/mnprojets.ca\/index.php?rest_route=\/wp\/v2\/pages\/1748\/revisions"}],"predecessor-version":[{"id":2552,"href":"https:\/\/mnprojets.ca\/index.php?rest_route=\/wp\/v2\/pages\/1748\/revisions\/2552"}],"wp:attachment":[{"href":"https:\/\/mnprojets.ca\/index.php?rest_route=%2Fwp%2Fv2%2Fmedia&parent=1748"}],"curies":[{"name":"wp","href":"https:\/\/api.w.org\/{rel}","templated":true}]}}